{"id":2719,"date":"2023-10-27T14:43:46","date_gmt":"2023-10-27T14:43:46","guid":{"rendered":"https:\/\/bdk-co.com\/contactez-nous\/"},"modified":"2024-04-27T18:52:16","modified_gmt":"2024-04-27T18:52:16","slug":"contactez-nous","status":"publish","type":"page","link":"https:\/\/bdk-co.com\/fr\/contactez-nous\/","title":{"rendered":"Contactez-nous"},"content":{"rendered":"\t\t<div data-elementor-type=\"wp-page\" data-elementor-id=\"2719\" class=\"elementor elementor-2719\">\n\t\t\t\t\t\t<section class=\"elementor-section elementor-top-section elementor-element elementor-element-f7f787a elementor-section-full_width elementor-section-height-default elementor-section-height-default\" data-id=\"f7f787a\" data-element_type=\"section\">\n\t\t\t\t\t\t<div class=\"elementor-container elementor-column-gap-default\">\n\t\t\t\t\t<div class=\"elementor-column elementor-col-100 elementor-top-column elementor-element elementor-element-796ada2\" data-id=\"796ada2\" data-element_type=\"column\">\n\t\t\t<div class=\"elementor-widget-wrap elementor-element-populated\">\n\t\t\t\t\t\t<div class=\"elementor-element elementor-element-3df63c3 elementor-widget elementor-widget-google_maps\" data-id=\"3df63c3\" data-element_type=\"widget\" data-widget_type=\"google_maps.default\">\n\t\t\t\t<div class=\"elementor-widget-container\">\n\t\t\t\t\t\t\t<div class=\"elementor-custom-embed\">\n\t\t\t<iframe loading=\"lazy\"\n\t\t\t\t\tsrc=\"https:\/\/maps.google.com\/maps?q=%D8%A8%D9%86%20%D8%AF%DA%98%20%DA%A9%D8%A7%D9%88&#038;t=m&#038;z=15&#038;output=embed&#038;iwloc=near\"\n\t\t\t\t\ttitle=\"\u0628\u0646 \u062f\u0698 \u06a9\u0627\u0648\"\n\t\t\t\t\taria-label=\"\u0628\u0646 \u062f\u0698 \u06a9\u0627\u0648\"\n\t\t\t><\/iframe>\n\t\t<\/div>\n\t\t\t\t\t\t<\/div>\n\t\t\t\t<\/div>\n\t\t\t\t<div class=\"elementor-element elementor-element-1aff294 elementor-widget elementor-widget-spacer\" data-id=\"1aff294\" data-element_type=\"widget\" data-widget_type=\"spacer.default\">\n\t\t\t\t<div class=\"elementor-widget-container\">\n\t\t\t\t\t\t\t<div class=\"elementor-spacer\">\n\t\t\t<div class=\"elementor-spacer-inner\"><\/div>\n\t\t<\/div>\n\t\t\t\t\t\t<\/div>\n\t\t\t\t<\/div>\n\t\t\t\t\t<\/div>\n\t\t<\/div>\n\t\t\t\t\t<\/div>\n\t\t<\/section>\n\t\t\t\t<section class=\"elementor-section elementor-top-section elementor-element elementor-element-12075c5 elementor-section-boxed elementor-section-height-default elementor-section-height-default\" data-id=\"12075c5\" data-element_type=\"section\">\n\t\t\t\t\t\t<div class=\"elementor-container elementor-column-gap-default\">\n\t\t\t\t\t<div class=\"elementor-column elementor-col-33 elementor-top-column elementor-element elementor-element-6cca74f\" data-id=\"6cca74f\" data-element_type=\"column\">\n\t\t\t<div class=\"elementor-widget-wrap elementor-element-populated\">\n\t\t\t\t\t\t<div class=\"elementor-element elementor-element-b9bfb18 elementor-widget elementor-widget-cz_image\" data-id=\"b9bfb18\" data-element_type=\"widget\" data-widget_type=\"cz_image.default\">\n\t\t\t\t<div class=\"elementor-widget-container\">\n\t\t\t\t\t\r\n\t\t<div class=\"cz_image clr cz_image_no_fx center_on_mobile\">\r\n\r\n\t\t\t<div>\r\n\r\n\t\t\t\t<div class=\"cz_image_in\">\r\n\r\n\t\t\t\t\t<div class=\"cz_main_image\"><img fetchpriority=\"high\" decoding=\"async\" width=\"1295\" height=\"471\" src=\"data:image\/svg+xml,%3Csvg%20xmlns%3D&#39;http%3A%2F%2Fwww.w3.org%2F2000%2Fsvg&#39;%20width=&#39;1295&#39;%20height=&#39;471&#39;%20viewBox%3D&#39;0%200%201295%20471&#39;%2F%3E\" data-czlz data-src=\"https:\/\/bdk-co.com\/wp-content\/uploads\/2023\/09\/1221.png\" class=\"attachment-full size-full wp-image-1458\" alt=\"\" data-srcset=\"https:\/\/bdk-co.com\/wp-content\/uploads\/2023\/09\/1221.png 1295w, https:\/\/bdk-co.com\/wp-content\/uploads\/2023\/09\/1221-600x218.png 600w, https:\/\/bdk-co.com\/wp-content\/uploads\/2023\/09\/1221-300x109.png 300w, https:\/\/bdk-co.com\/wp-content\/uploads\/2023\/09\/1221-1024x372.png 1024w, https:\/\/bdk-co.com\/wp-content\/uploads\/2023\/09\/1221-768x279.png 768w\" data-sizes=\"(max-width: 1295px) 100vw, 1295px\" \/><\/div>\r\n\r\n\t\t\t\t\t<div class=\"cz_hover_image\"><img fetchpriority=\"high\" decoding=\"async\" width=\"1295\" height=\"471\" src=\"data:image\/svg+xml,%3Csvg%20xmlns%3D&#39;http%3A%2F%2Fwww.w3.org%2F2000%2Fsvg&#39;%20width=&#39;1295&#39;%20height=&#39;471&#39;%20viewBox%3D&#39;0%200%201295%20471&#39;%2F%3E\" data-czlz data-src=\"https:\/\/bdk-co.com\/wp-content\/uploads\/2023\/09\/1221.png\" class=\"attachment-full size-full wp-image-1458\" alt=\"\" data-srcset=\"https:\/\/bdk-co.com\/wp-content\/uploads\/2023\/09\/1221.png 1295w, https:\/\/bdk-co.com\/wp-content\/uploads\/2023\/09\/1221-600x218.png 600w, https:\/\/bdk-co.com\/wp-content\/uploads\/2023\/09\/1221-300x109.png 300w, https:\/\/bdk-co.com\/wp-content\/uploads\/2023\/09\/1221-1024x372.png 1024w, https:\/\/bdk-co.com\/wp-content\/uploads\/2023\/09\/1221-768x279.png 768w\" data-sizes=\"(max-width: 1295px) 100vw, 1295px\" \/><\/div>\r\n\t\t\t\t<\/div>\r\n\r\n\t\t\t\t\r\n\t\t\t<\/div>\r\n\r\n\t\t<\/div>\r\n\r\n\t\t\t\t\t\t<\/div>\n\t\t\t\t<\/div>\n\t\t\t\t<section class=\"elementor-section elementor-inner-section elementor-element elementor-element-36cc32c elementor-section-boxed elementor-section-height-default elementor-section-height-default\" data-id=\"36cc32c\" data-element_type=\"section\">\n\t\t\t\t\t\t<div class=\"elementor-container elementor-column-gap-default\">\n\t\t\t\t\t<div class=\"elementor-column elementor-col-100 elementor-inner-column elementor-element elementor-element-787a434\" data-id=\"787a434\" data-element_type=\"column\" data-settings=\"{&quot;background_background&quot;:&quot;classic&quot;}\">\n\t\t\t<div class=\"elementor-widget-wrap elementor-element-populated\">\n\t\t\t\t\t\t<div class=\"elementor-element elementor-element-e81b287 elementor-widget elementor-widget-cz_gap\" data-id=\"e81b287\" data-element_type=\"widget\" data-widget_type=\"cz_gap.default\">\n\t\t\t\t<div class=\"elementor-widget-container\">\n\t\t\t\t\t<div class=\"cz_gap clr\"><\/div>\t\t\t\t<\/div>\n\t\t\t\t<\/div>\n\t\t\t\t<div class=\"elementor-element elementor-element-681bda4 elementor-widget elementor-widget-cz_title\" data-id=\"681bda4\" data-element_type=\"widget\" data-widget_type=\"cz_title.default\">\n\t\t\t\t<div class=\"elementor-widget-container\">\n\t\t\t\t\t\t\r\n\t\t<div>\r\n\t\t\t<div class=\"cz_title clr cz_mobile_text_center cz_title_has_icon cz_title_pos_inline\"><a href=\"tel:0018003334455\"><div class=\"cz_title_content\"><i class=\"cz_title_icon_before fa fa-mobile\"><\/i><div class=\"cz_wpe_content\"><h3><span style=\"color: #ffffff;\">\u0634\u0645\u0627\u0631\u0647 \u062a\u0645\u0627\u0633<\/span><\/h3><p><span style=\"color: #ffffff;\">021-82480<\/span><\/p><\/div><\/div><\/a><\/div>\r\n\t\t<\/div>\r\n\t\t\r\n\t\t\t\t\t\t<\/div>\n\t\t\t\t<\/div>\n\t\t\t\t<div class=\"elementor-element elementor-element-726c5ac elementor-widget elementor-widget-cz_title\" data-id=\"726c5ac\" data-element_type=\"widget\" data-widget_type=\"cz_title.default\">\n\t\t\t\t<div class=\"elementor-widget-container\">\n\t\t\t\t\t\t\r\n\t\t<div>\r\n\t\t\t<div class=\"cz_title clr cz_mobile_text_center cz_title_has_icon cz_title_pos_inline\"><a href=\"mailto:building@yoursite.com\"><div class=\"cz_title_content\"><i class=\"cz_title_icon_before fa fa-location-arrow\"><\/i><div class=\"cz_wpe_content\"><h3><span style=\"color: #ffffff;\">\u0627\u06cc\u0645\u06cc\u0644<\/span><\/h3><p><span style=\"color: #ffffff;\">contact@bdk-co.com<\/span><\/p><\/div><\/div><\/a><\/div>\r\n\t\t<\/div>\r\n\t\t\r\n\t\t\t\t\t\t<\/div>\n\t\t\t\t<\/div>\n\t\t\t\t<div class=\"elementor-element elementor-element-1009ea1 elementor-widget__width-inherit elementor-widget elementor-widget-cz_title\" data-id=\"1009ea1\" data-element_type=\"widget\" data-widget_type=\"cz_title.default\">\n\t\t\t\t<div class=\"elementor-widget-container\">\n\t\t\t\t\t\t\r\n\t\t<div>\r\n\t\t\t<div class=\"cz_title clr cz_mobile_text_center cz_title_has_icon cz_title_pos_inline\"><a href=\"https:\/\/google.com\/maps\"><div class=\"cz_title_content\"><i class=\"cz_title_icon_before fa fa-map-marker\"><\/i><div class=\"cz_wpe_content\"><h3><span style=\"color: #ffffff;\">\u0622\u062f\u0631\u0633<\/span><\/h3><p><span style=\"color: #ffffff;\"><span class=\"cz_info_1\">\u062a\u0647\u0631\u0627\u0646\u060c \u062e\u06cc\u0627\u0628\u0627\u0646 \u0628\u0647\u0634\u062a\u06cc\u060c \u062e\u06cc\u0627\u0628\u0627\u0646 \u0645\u06cc\u0631\u0639\u0645\u0627\u062f\u060c \u06a9\u0648\u0686\u0647 8\u060c \u067e\u0644\u0627\u06a9 8\u060c \u0637\u0628\u0642\u0647 4<\/span><\/span><\/p><\/div><\/div><\/a><\/div>\r\n\t\t<\/div>\r\n\t\t\r\n\t\t\t\t\t\t<\/div>\n\t\t\t\t<\/div>\n\t\t\t\t\t<\/div>\n\t\t<\/div>\n\t\t\t\t\t<\/div>\n\t\t<\/section>\n\t\t\t\t\t<\/div>\n\t\t<\/div>\n\t\t\t\t<div class=\"elementor-column elementor-col-66 elementor-top-column elementor-element elementor-element-de98297\" data-id=\"de98297\" data-element_type=\"column\">\n\t\t\t<div class=\"elementor-widget-wrap elementor-element-populated\">\n\t\t\t\t\t\t<div class=\"elementor-element elementor-element-8cdbea8 elementor-widget elementor-widget-cz_title\" data-id=\"8cdbea8\" data-element_type=\"widget\" data-widget_type=\"cz_title.default\">\n\t\t\t\t<div class=\"elementor-widget-container\">\n\t\t\t\t\t\t\r\n\t\t<div>\r\n\t\t\t<div class=\"cz_title clr cz_mobile_text_center cz_title_pos_inline\"><div class=\"cz_title_shape shape_text cz_shape_1\">\u062a\u0645\u0627\u0633<\/div><div class=\"cz_title_content\"><span class=\"cz_line_side_solo\">_<\/span><div class=\"cz_wpe_content\"><h3><span style=\"font-size: 24px;\">\u062a\u0645\u0627\u0633 \u0628\u0627 <span style=\"color: #0461db;\">\u0634\u0631\u06a9\u062a \u0628\u0646 \u062f\u0698 \u06a9\u0627\u0648<\/span><\/span><\/h3><\/div><\/div><\/div>\r\n\t\t<\/div>\r\n\t\t\r\n\t\t\t\t\t\t<\/div>\n\t\t\t\t<\/div>\n\t\t\t\t<div class=\"elementor-element elementor-element-74c94e4 elementor-widget elementor-widget-cz_title\" data-id=\"74c94e4\" data-element_type=\"widget\" data-widget_type=\"cz_title.default\">\n\t\t\t\t<div class=\"elementor-widget-container\">\n\t\t\t\t\t\t\r\n\t\t<div>\r\n\t\t\t<div class=\"cz_title clr cz_mobile_text_center cz_title_pos_inline\"><div class=\"cz_title_content\"><div class=\"cz_wpe_content\"><p>\u06cc\u06a9\u06cc \u0627\u0632 \u0631\u0627\u0647 \u0647\u0627\u06cc \u0627\u0631\u062a\u0628\u0627\u0637\u06cc \u0628\u0627 \u0645\u0627 \u0627\u06cc\u0646 \u0641\u0631\u0645 \u0632\u06cc\u0631 \u0647\u0633\u062a\u060c \u062a\u0644\u0627\u0634 \u0645\u06cc\u06a9\u0646\u06cc\u0645 \u062f\u0631 \u0633\u0631\u06cc\u0639 \u062a\u0631\u06cc\u0646 \u062d\u0627\u0644\u062a \u0645\u0645\u06a9\u0646 \u067e\u0627\u0633\u062e \u0628\u062f\u0647\u06cc\u0645.<\/p><\/div><\/div><\/div>\r\n\t\t<\/div>\r\n\t\t\r\n\t\t\t\t\t\t<\/div>\n\t\t\t\t<\/div>\n\t\t\t\t<div class=\"elementor-element elementor-element-dbfe6c4 elementor-widget elementor-widget-cz_gap\" data-id=\"dbfe6c4\" data-element_type=\"widget\" data-widget_type=\"cz_gap.default\">\n\t\t\t\t<div class=\"elementor-widget-container\">\n\t\t\t\t\t<div class=\"cz_gap clr\"><\/div>\t\t\t\t<\/div>\n\t\t\t\t<\/div>\n\t\t\t\t<div class=\"elementor-element elementor-element-254dd5e elementor-widget elementor-widget-cz_contact_form_7\" data-id=\"254dd5e\" data-element_type=\"widget\" data-widget_type=\"cz_contact_form_7.default\">\n\t\t\t\t<div class=\"elementor-widget-container\">\n\t\t\t\t\t\t\t<div class=\"cz_cf7 clr\">\r\n\t\t\t<div>\n<div class=\"wpcf7 no-js\" id=\"wpcf7-f1730-o1\" lang=\"fa-IR\" dir=\"rtl\" data-wpcf7-id=\"1730\">\n<div class=\"screen-reader-response\"><p role=\"status\" aria-live=\"polite\" aria-atomic=\"true\"><\/p> <ul><\/ul><\/div>\n<form action=\"\/fr\/wp-json\/wp\/v2\/pages\/2719#wpcf7-f1730-o1\" method=\"post\" class=\"wpcf7-form init\" aria-label=\"\u0641\u0631\u0645 \u062a\u0645\u0627\u0633\" novalidate=\"novalidate\" data-status=\"init\">\n<div style=\"display: none;\">\n<input type=\"hidden\" name=\"_wpcf7\" value=\"1730\" \/>\n<input type=\"hidden\" name=\"_wpcf7_version\" value=\"6.0.2\" \/>\n<input type=\"hidden\" name=\"_wpcf7_locale\" value=\"fa_IR\" \/>\n<input type=\"hidden\" name=\"_wpcf7_unit_tag\" value=\"wpcf7-f1730-o1\" \/>\n<input type=\"hidden\" name=\"_wpcf7_container_post\" value=\"0\" \/>\n<input type=\"hidden\" name=\"_wpcf7_posted_data_hash\" value=\"\" \/>\n<\/div>\n<p><label> \u0646\u0627\u0645 \u0634\u0645\u0627<br \/>\n<span class=\"wpcf7-form-control-wrap\" data-name=\"your-name\"><input size=\"40\" maxlength=\"400\" class=\"wpcf7-form-control wpcf7-text wpcf7-validates-as-required\" autocomplete=\"name\" aria-required=\"true\" aria-invalid=\"false\" value=\"\" type=\"text\" name=\"your-name\" \/><\/span> <\/label>\n<\/p>\n<p><label> \u0627\u06cc\u0645\u06cc\u0644 \u0634\u0645\u0627<br \/>\n<span class=\"wpcf7-form-control-wrap\" data-name=\"your-email\"><input size=\"40\" maxlength=\"400\" class=\"wpcf7-form-control wpcf7-email wpcf7-validates-as-required wpcf7-text wpcf7-validates-as-email\" autocomplete=\"email\" aria-required=\"true\" aria-invalid=\"false\" value=\"\" type=\"email\" name=\"your-email\" \/><\/span> <\/label>\n<\/p>\n<p><label> \u0645\u0648\u0636\u0648\u0639<br \/>\n<span class=\"wpcf7-form-control-wrap\" data-name=\"your-subject\"><input size=\"40\" maxlength=\"400\" class=\"wpcf7-form-control wpcf7-text wpcf7-validates-as-required\" aria-required=\"true\" aria-invalid=\"false\" value=\"\" type=\"text\" name=\"your-subject\" \/><\/span> <\/label>\n<\/p>\n<p><label> \u067e\u06cc\u063a\u0627\u0645 \u0634\u0645\u0627<br \/>\n<span class=\"wpcf7-form-control-wrap\" data-name=\"your-message\"><textarea cols=\"40\" rows=\"10\" maxlength=\"2000\" class=\"wpcf7-form-control wpcf7-textarea\" aria-invalid=\"false\" name=\"your-message\"><\/textarea><\/span> <\/label>\n<\/p>\n<p><input class=\"wpcf7-form-control wpcf7-submit has-spinner\" type=\"submit\" value=\"\u062b\u0628\u062a\" \/>\n<\/p><div class=\"wpcf7-response-output\" aria-hidden=\"true\"><\/div>\n<\/form>\n<\/div>\n<\/div>\r\n\t\t<\/div>\r\n\t\t\t\t\t\t<\/div>\n\t\t\t\t<\/div>\n\t\t\t\t\t<\/div>\n\t\t<\/div>\n\t\t\t\t\t<\/div>\n\t\t<\/section>\n\t\t\t\t<\/div>\n\t\t","protected":false},"excerpt":{"rendered":"<p>Num\u00e9ro de t\u00e9l\u00e9phone 021-82480 e-mail contact@bdk-co.com Adresse T\u00e9h\u00e9ran, rue Beheshti, rue &#8230; <\/p>\n","protected":false},"author":1,"featured_media":0,"parent":0,"menu_order":0,"comment_status":"closed","ping_status":"closed","template":"","meta":{"inline_featured_image":false,"footnotes":""},"class_list":["post-2719","page","type-page","status-publish","hentry"],"_links":{"self":[{"href":"https:\/\/bdk-co.com\/fr\/wp-json\/wp\/v2\/pages\/2719","targetHints":{"allow":["GET"]}}],"collection":[{"href":"https:\/\/bdk-co.com\/fr\/wp-json\/wp\/v2\/pages"}],"about":[{"href":"https:\/\/bdk-co.com\/fr\/wp-json\/wp\/v2\/types\/page"}],"author":[{"embeddable":true,"href":"https:\/\/bdk-co.com\/fr\/wp-json\/wp\/v2\/users\/1"}],"replies":[{"embeddable":true,"href":"https:\/\/bdk-co.com\/fr\/wp-json\/wp\/v2\/comments?post=2719"}],"version-history":[{"count":1,"href":"https:\/\/bdk-co.com\/fr\/wp-json\/wp\/v2\/pages\/2719\/revisions"}],"predecessor-version":[{"id":2720,"href":"https:\/\/bdk-co.com\/fr\/wp-json\/wp\/v2\/pages\/2719\/revisions\/2720"}],"wp:attachment":[{"href":"https:\/\/bdk-co.com\/fr\/wp-json\/wp\/v2\/media?parent=2719"}],"curies":[{"name":"wp","href":"https:\/\/api.w.org\/{rel}","templated":true}]}}